{"id":449,"date":"2022-10-04T01:07:49","date_gmt":"2022-10-04T01:07:49","guid":{"rendered":"https:\/\/brincazapateria.cl\/?page_id=449"},"modified":"2025-03-24T15:25:08","modified_gmt":"2025-03-24T15:25:08","slug":"examenes","status":"publish","type":"page","link":"https:\/\/www.laboratoriobiomed.cl\/index.php\/examenes\/","title":{"rendered":"Examenes"},"content":{"rendered":"<div class=\"wpb-content-wrapper\"><p>[vc_row equal_height=\u00bbyes\u00bb content_placement=\u00bbmiddle\u00bb bg_type=\u00bbbg_color\u00bb bg_override=\u00bbex-full\u00bb css=\u00bb.vc_custom_1664944318797{padding-top: 50px !important;padding-bottom: 40px !important;}\u00bb bg_color_value=\u00bb#002856&#8243;][vc_column width=\u00bb1\/3&#8243;][vc_single_image image=\u00bb473&#8243; img_size=\u00bblarge\u00bb alignment=\u00bbright\u00bb][\/vc_column][vc_column width=\u00bb2\/3&#8243;]<div id=\"ultimate-heading-935269e9f161c06d6\" class=\"uvc-heading ult-adjust-bottom-margin ultimate-heading-935269e9f161c06d6 uvc-7847  uvc-heading-default-font-sizes\" data-hspacer=\"no_spacer\"  data-halign=\"left\" style=\"text-align:left\"><div class=\"uvc-heading-spacer no_spacer\" style=\"top\"><\/div><div class=\"uvc-main-heading ult-responsive\"  data-ultimate-target='.uvc-heading.ultimate-heading-935269e9f161c06d6 h1'  data-responsive-json-new='{\"font-size\":\"\",\"line-height\":\"\"}' ><h1 style=\"font-weight:bold;color:#ffffff;margin-bottom:15px;\">\u00bfQu\u00e9 ex\u00e1menes realizamos?<\/h1><\/div><div class=\"uvc-sub-heading ult-responsive\"  data-ultimate-target='.uvc-heading.ultimate-heading-935269e9f161c06d6 .uvc-sub-heading '  data-responsive-json-new='{\"font-size\":\"desktop:24px;\",\"line-height\":\"desktop:28px;\"}'  style=\"font-weight:normal;color:#ffffff;margin-bottom:27px;\">En Centro de Diagn\u00f3stico BiomedLab, realizamos m\u00e1s de 500 ex\u00e1menes diferentes, para saber cual es el requerido solo debes colocar el nombre del examen o el c\u00f3digo de Fonasa en el buscador. <strong>As\u00ed de f\u00e1cil, as\u00ed de simple, as\u00ed de r\u00e1pido.<\/strong><\/div><\/div>[vc_btn title=\u00bbValores Particulares\u00bb shape=\u00bbround\u00bb color=\u00bbwhite\u00bb align=\u00bbleft\u00bb i_icon_fontawesome=\u00bbfa fa-solid fa-money-check-dollar\u00bb css=\u00bb\u00bb add_icon=\u00bbtrue\u00bb link=\u00bburl:https%3A%2F%2Fwww.laboratoriobiomed.cl%2Fwp-content%2Fuploads%2F2025%2F03%2FPDF-VALORES.pdf|target:_blank\u00bb][\/vc_column][\/vc_row][vc_row css=\u00bb.vc_custom_1664944616043{padding-top: 40px !important;}\u00bb][vc_column][vc_column_text css=\u00bb\u00bb]<div id=\"footable_parent_605\"\n         class=\" footable_parent ninja_table_wrapper loading_ninja_table wp_table_data_press_parent bootstrap4 colored_table\">\n                <table data-ninja_table_instance=\"ninja_table_instance_0\" data-footable_id=\"605\" data-filter-delay=\"1000\" aria-label=\"Nuevo Examenes maestro sitio web.csv\"            id=\"footable_605\"\n           data-unique_identifier=\"ninja_table_unique_id_1340199254_605\"\n           class=\" foo-table ninja_footable foo_table_605 ninja_table_unique_id_1340199254_605 table  ninja_search_left nt_type_ajax_table selectable celled striped vertical_centered table-striped table-bordered table-hover ninja_custom_color inverted footable-paging-right ninja_table_pro\">\n                <colgroup>\n                            <col class=\"ninja_column_0 \">\n                            <col class=\"ninja_column_1 \">\n                            <col class=\"ninja_column_2 \">\n                            <col class=\"ninja_column_3 \">\n                            <col class=\"ninja_column_4 \">\n                    <\/colgroup>\n            <\/table>\n    \n    \n    \n<\/div>\n[\/vc_column_text][\/vc_column][\/vc_row]<\/p>\n<\/div>","protected":false},"excerpt":{"rendered":"<p>[vc_row equal_height=\u00bbyes\u00bb content_placement=\u00bbmiddle\u00bb bg_type=\u00bbbg_color\u00bb bg_override=\u00bbex-full\u00bb css=\u00bb.vc_custom_1664944318797{padding-top: 50px !important;padding-bottom: 40px !important;}\u00bb bg_color_value=\u00bb#002856&#8243;][vc_column width=\u00bb1\/3&#8243;][vc_single_image image=\u00bb473&#8243; img_size=\u00bblarge\u00bb alignment=\u00bbright\u00bb][\/vc_column][vc_column width=\u00bb2\/3&#8243;][vc_btn title=\u00bbValores Particulares\u00bb shape=\u00bbround\u00bb color=\u00bbwhite\u00bb align=\u00bbleft\u00bb i_icon_fontawesome=\u00bbfa fa-solid fa-money-check-dollar\u00bb css=\u00bb\u00bb add_icon=\u00bbtrue\u00bb link=\u00bburl:https%3A%2F%2Fwww.laboratoriobiomed.cl%2Fwp-content%2Fuploads%2F2025%2F03%2FPDF-VALORES.pdf|target:_blank\u00bb][\/vc_column][\/vc_row][vc_row css=\u00bb.vc_custom_1664944616043{padding-top: 40px !important;}\u00bb][vc_column][vc_column_text css=\u00bb\u00bb][\/vc_column_text][\/vc_column][\/vc_row]<\/p>\n","protected":false},"author":1,"featured_media":0,"parent":0,"menu_order":0,"comment_status":"closed","ping_status":"closed","template":"","meta":{"footnotes":""},"class_list":["post-449","page","type-page","status-publish","hentry","description-off"],"yoast_head":"<!-- This site is optimized with the Yoast SEO plugin v25.4 - https:\/\/yoast.com\/wordpress\/plugins\/seo\/ -->\n<title>Examenes - Biomed Lab<\/title>\n<meta name=\"robots\" content=\"index, follow, max-snippet:-1, max-image-preview:large, max-video-preview:-1\" \/>\n<link rel=\"canonical\" href=\"https:\/\/www.laboratoriobiomed.cl\/index.php\/examenes\/\" \/>\n<meta property=\"og:locale\" content=\"es_ES\" \/>\n<meta property=\"og:type\" content=\"article\" \/>\n<meta property=\"og:title\" content=\"Examenes - Biomed Lab\" \/>\n<meta property=\"og:description\" content=\"[vc_row equal_height=\u00bbyes\u00bb content_placement=\u00bbmiddle\u00bb bg_type=\u00bbbg_color\u00bb bg_override=\u00bbex-full\u00bb css=\u00bb.vc_custom_1664944318797{padding-top: 50px !important;padding-bottom: 40px !important;}\u00bb bg_color_value=\u00bb#002856&#8243;][vc_column width=\u00bb1\/3&#8243;][vc_single_image image=\u00bb473&#8243; img_size=\u00bblarge\u00bb alignment=\u00bbright\u00bb][\/vc_column][vc_column width=\u00bb2\/3&#8243;][vc_btn title=\u00bbValores Particulares\u00bb shape=\u00bbround\u00bb color=\u00bbwhite\u00bb align=\u00bbleft\u00bb i_icon_fontawesome=\u00bbfa fa-solid fa-money-check-dollar\u00bb css=\u00bb\u00bb add_icon=\u00bbtrue\u00bb link=\u00bburl:https%3A%2F%2Fwww.laboratoriobiomed.cl%2Fwp-content%2Fuploads%2F2025%2F03%2FPDF-VALORES.pdf|target:_blank\u00bb][\/vc_column][\/vc_row][vc_row css=\u00bb.vc_custom_1664944616043{padding-top: 40px !important;}\u00bb][vc_column][vc_column_text css=\u00bb\u00bb][\/vc_column_text][\/vc_column][\/vc_row]\" \/>\n<meta property=\"og:url\" content=\"https:\/\/www.laboratoriobiomed.cl\/index.php\/examenes\/\" \/>\n<meta property=\"og:site_name\" content=\"Biomed Lab\" \/>\n<meta property=\"article:modified_time\" content=\"2025-03-24T15:25:08+00:00\" \/>\n<meta name=\"twitter:card\" content=\"summary_large_image\" \/>\n<meta name=\"twitter:label1\" content=\"Tiempo de lectura\" \/>\n\t<meta name=\"twitter:data1\" content=\"1 minuto\" \/>\n<script type=\"application\/ld+json\" class=\"yoast-schema-graph\">{\"@context\":\"https:\/\/schema.org\",\"@graph\":[{\"@type\":\"WebPage\",\"@id\":\"https:\/\/www.laboratoriobiomed.cl\/index.php\/examenes\/\",\"url\":\"https:\/\/www.laboratoriobiomed.cl\/index.php\/examenes\/\",\"name\":\"Examenes - Biomed Lab\",\"isPartOf\":{\"@id\":\"https:\/\/www.laboratoriobiomed.cl\/#website\"},\"datePublished\":\"2022-10-04T01:07:49+00:00\",\"dateModified\":\"2025-03-24T15:25:08+00:00\",\"breadcrumb\":{\"@id\":\"https:\/\/www.laboratoriobiomed.cl\/index.php\/examenes\/#breadcrumb\"},\"inLanguage\":\"es\",\"potentialAction\":[{\"@type\":\"ReadAction\",\"target\":[\"https:\/\/www.laboratoriobiomed.cl\/index.php\/examenes\/\"]}]},{\"@type\":\"BreadcrumbList\",\"@id\":\"https:\/\/www.laboratoriobiomed.cl\/index.php\/examenes\/#breadcrumb\",\"itemListElement\":[{\"@type\":\"ListItem\",\"position\":1,\"name\":\"Portada\",\"item\":\"https:\/\/www.laboratoriobiomed.cl\/\"},{\"@type\":\"ListItem\",\"position\":2,\"name\":\"Examenes\"}]},{\"@type\":\"WebSite\",\"@id\":\"https:\/\/www.laboratoriobiomed.cl\/#website\",\"url\":\"https:\/\/www.laboratoriobiomed.cl\/\",\"name\":\"Biomed Lab\",\"description\":\"Centro de Diagn\u00f3stico y Laboratorio Cl\u00ednico\",\"potentialAction\":[{\"@type\":\"SearchAction\",\"target\":{\"@type\":\"EntryPoint\",\"urlTemplate\":\"https:\/\/www.laboratoriobiomed.cl\/?s={search_term_string}\"},\"query-input\":{\"@type\":\"PropertyValueSpecification\",\"valueRequired\":true,\"valueName\":\"search_term_string\"}}],\"inLanguage\":\"es\"}]}<\/script>\n<!-- \/ Yoast SEO plugin. -->","yoast_head_json":{"title":"Examenes - Biomed Lab","robots":{"index":"index","follow":"follow","max-snippet":"max-snippet:-1","max-image-preview":"max-image-preview:large","max-video-preview":"max-video-preview:-1"},"canonical":"https:\/\/www.laboratoriobiomed.cl\/index.php\/examenes\/","og_locale":"es_ES","og_type":"article","og_title":"Examenes - Biomed Lab","og_description":"[vc_row equal_height=\u00bbyes\u00bb content_placement=\u00bbmiddle\u00bb bg_type=\u00bbbg_color\u00bb bg_override=\u00bbex-full\u00bb css=\u00bb.vc_custom_1664944318797{padding-top: 50px !important;padding-bottom: 40px !important;}\u00bb bg_color_value=\u00bb#002856&#8243;][vc_column width=\u00bb1\/3&#8243;][vc_single_image image=\u00bb473&#8243; img_size=\u00bblarge\u00bb alignment=\u00bbright\u00bb][\/vc_column][vc_column width=\u00bb2\/3&#8243;][vc_btn title=\u00bbValores Particulares\u00bb shape=\u00bbround\u00bb color=\u00bbwhite\u00bb align=\u00bbleft\u00bb i_icon_fontawesome=\u00bbfa fa-solid fa-money-check-dollar\u00bb css=\u00bb\u00bb add_icon=\u00bbtrue\u00bb link=\u00bburl:https%3A%2F%2Fwww.laboratoriobiomed.cl%2Fwp-content%2Fuploads%2F2025%2F03%2FPDF-VALORES.pdf|target:_blank\u00bb][\/vc_column][\/vc_row][vc_row css=\u00bb.vc_custom_1664944616043{padding-top: 40px !important;}\u00bb][vc_column][vc_column_text css=\u00bb\u00bb][\/vc_column_text][\/vc_column][\/vc_row]","og_url":"https:\/\/www.laboratoriobiomed.cl\/index.php\/examenes\/","og_site_name":"Biomed Lab","article_modified_time":"2025-03-24T15:25:08+00:00","twitter_card":"summary_large_image","twitter_misc":{"Tiempo de lectura":"1 minuto"},"schema":{"@context":"https:\/\/schema.org","@graph":[{"@type":"WebPage","@id":"https:\/\/www.laboratoriobiomed.cl\/index.php\/examenes\/","url":"https:\/\/www.laboratoriobiomed.cl\/index.php\/examenes\/","name":"Examenes - Biomed Lab","isPartOf":{"@id":"https:\/\/www.laboratoriobiomed.cl\/#website"},"datePublished":"2022-10-04T01:07:49+00:00","dateModified":"2025-03-24T15:25:08+00:00","breadcrumb":{"@id":"https:\/\/www.laboratoriobiomed.cl\/index.php\/examenes\/#breadcrumb"},"inLanguage":"es","potentialAction":[{"@type":"ReadAction","target":["https:\/\/www.laboratoriobiomed.cl\/index.php\/examenes\/"]}]},{"@type":"BreadcrumbList","@id":"https:\/\/www.laboratoriobiomed.cl\/index.php\/examenes\/#breadcrumb","itemListElement":[{"@type":"ListItem","position":1,"name":"Portada","item":"https:\/\/www.laboratoriobiomed.cl\/"},{"@type":"ListItem","position":2,"name":"Examenes"}]},{"@type":"WebSite","@id":"https:\/\/www.laboratoriobiomed.cl\/#website","url":"https:\/\/www.laboratoriobiomed.cl\/","name":"Biomed Lab","description":"Centro de Diagn\u00f3stico y Laboratorio Cl\u00ednico","potentialAction":[{"@type":"SearchAction","target":{"@type":"EntryPoint","urlTemplate":"https:\/\/www.laboratoriobiomed.cl\/?s={search_term_string}"},"query-input":{"@type":"PropertyValueSpecification","valueRequired":true,"valueName":"search_term_string"}}],"inLanguage":"es"}]}},"_links":{"self":[{"href":"https:\/\/www.laboratoriobiomed.cl\/index.php\/wp-json\/wp\/v2\/pages\/449","targetHints":{"allow":["GET"]}}],"collection":[{"href":"https:\/\/www.laboratoriobiomed.cl\/index.php\/wp-json\/wp\/v2\/pages"}],"about":[{"href":"https:\/\/www.laboratoriobiomed.cl\/index.php\/wp-json\/wp\/v2\/types\/page"}],"author":[{"embeddable":true,"href":"https:\/\/www.laboratoriobiomed.cl\/index.php\/wp-json\/wp\/v2\/users\/1"}],"replies":[{"embeddable":true,"href":"https:\/\/www.laboratoriobiomed.cl\/index.php\/wp-json\/wp\/v2\/comments?post=449"}],"version-history":[{"count":10,"href":"https:\/\/www.laboratoriobiomed.cl\/index.php\/wp-json\/wp\/v2\/pages\/449\/revisions"}],"predecessor-version":[{"id":744,"href":"https:\/\/www.laboratoriobiomed.cl\/index.php\/wp-json\/wp\/v2\/pages\/449\/revisions\/744"}],"wp:attachment":[{"href":"https:\/\/www.laboratoriobiomed.cl\/index.php\/wp-json\/wp\/v2\/media?parent=449"}],"curies":[{"name":"wp","href":"https:\/\/api.w.org\/{rel}","templated":true}]}}